{"id":7,"date":"2013-07-01T01:16:11","date_gmt":"2013-06-30T23:16:11","guid":{"rendered":"http:\/\/foerderverein-sophie-scholl-schule.de\/?page_id=7"},"modified":"2025-10-25T18:41:42","modified_gmt":"2025-10-25T16:41:42","slug":"vorstellung","status":"publish","type":"page","link":"https:\/\/foerderverein-sophie-scholl-schule.de\/?page_id=7","title":{"rendered":"Wer wir sind"},"content":{"rendered":"\n<p>Der F\u00f6rderverein setzt sich zusammen aus unseren Mitgliedern und unserem Vorstand. Neben der j\u00e4hrlichen Mitgliederversammlung trifft sich der Vorstand etwa 7-8 mal im Jahr. Die Mehrzahl von uns sind Eltern eines Kindes an der <a href=\"https:\/\/www.sophie-scholl-schulen.de\/sophie-scholl-schule-giessen\/profil.html\" target=\"_blank\" rel=\"noopener noreferrer\">Sophie-Scholl-Schule Gie\u00dfen<\/a>.<\/p>\n\n\n\n<p>Wir setzen uns zusammen aus dem &#8222;gesch\u00e4ftsf\u00fchrenden Vorstand&#8220;, das sind die beiden Vorsitzenden und der Kassenwart und weiteren ehrenamtlichen Beisitzern mit der Schriftf\u00fchrerin. Die beiden Schulleitungen und der Vertreter der Lebenshilfe, Patrick M\u00e4hling. In dieser Konstellation k\u00fcmmern wir uns um alle Belange.<\/p>\n\n\n\n<h1 class=\"wp-block-heading\">Unser Vorstand<\/h1>\n\n\n\n<figure class=\"wp-block-image size-large\"><a href=\"https:\/\/foerderverein-sophie-scholl-schule.de\/wordpress\/wp-content\/uploads\/2025\/10\/Vorstand-2025.jpeg\" rel=\"lightbox-0\"><img loading=\"lazy\" decoding=\"async\" width=\"768\" height=\"1024\" src=\"https:\/\/foerderverein-sophie-scholl-schule.de\/wordpress\/wp-content\/uploads\/2025\/10\/Vorstand-2025-768x1024.jpeg\" alt=\"\" class=\"wp-image-1254\" srcset=\"https:\/\/foerderverein-sophie-scholl-schule.de\/wordpress\/wp-content\/uploads\/2025\/10\/Vorstand-2025-768x1024.jpeg 768w, https:\/\/foerderverein-sophie-scholl-schule.de\/wordpress\/wp-content\/uploads\/2025\/10\/Vorstand-2025-225x300.jpeg 225w, https:\/\/foerderverein-sophie-scholl-schule.de\/wordpress\/wp-content\/uploads\/2025\/10\/Vorstand-2025-1152x1536.jpeg 1152w, https:\/\/foerderverein-sophie-scholl-schule.de\/wordpress\/wp-content\/uploads\/2025\/10\/Vorstand-2025-624x832.jpeg 624w, https:\/\/foerderverein-sophie-scholl-schule.de\/wordpress\/wp-content\/uploads\/2025\/10\/Vorstand-2025.jpeg 1200w\" sizes=\"auto, (max-width: 768px) 100vw, 768px\" \/><\/a><\/figure>\n\n\n\n<h2 class=\"wp-block-heading\">Vorsitzende und Kassenwart<\/h2>\n\n\n\n<p>Patrick Schmidt, Petra Thomaschewski &amp; Tanja Hild<\/p>\n\n\n\n<h1 class=\"wp-block-heading\"><\/h1>\n\n\n\n<div class=\"wp-block-group is-nowrap is-layout-flex wp-container-core-group-is-layout-ad2f72ca wp-block-group-is-layout-flex\"><\/div>\n\n\n\n<h1 class=\"wp-block-heading\">Beisitzer*innen<\/h1>\n\n\n\n<p>Sabine Henke, Dagmar Daniels, Christine Friedrich, Ilka Schmidt und Hans Schwarz<\/p>\n\n\n\n<div class=\"wp-block-group is-nowrap is-layout-flex wp-container-core-group-is-layout-ad2f72ca wp-block-group-is-layout-flex\">\n<h1 class=\"wp-block-heading\">Vertreter der Primarstufe<\/h1>\n\n\n\n<p><br><\/p>\n<\/div>\n\n\n\n<p>Ralph Sch\u00fcller<\/p>\n\n\n\n<h1 class=\"wp-block-heading\">Vertreterin der Sekundarstufe<\/h1>\n\n\n\n<p>Susanne Hild<\/p>\n\n\n\n<div class=\"wp-block-group is-nowrap is-layout-flex wp-container-core-group-is-layout-ad2f72ca wp-block-group-is-layout-flex\">\n<h1 class=\"wp-block-heading\">Vertreter des Schultr\u00e4gers<\/h1>\n\n\n\n<p><\/p>\n<\/div>\n\n\n\n<p>Patrick M\u00e4hling<\/p>\n\n\n\n<p><br><\/p>\n\n\n\n<p><\/p>\n\n\n\n<h1 class=\"wp-block-heading\">&nbsp;<\/h1>\n\n\n\n<p><\/p>\n","protected":false},"excerpt":{"rendered":"<p>Der F\u00f6rderverein setzt sich zusammen aus unseren Mitgliedern und unserem Vorstand. Neben der j\u00e4hrlichen Mitgliederversammlung trifft sich der Vorstand etwa 7-8 mal im Jahr. Die Mehrzahl von uns sind Eltern [&hellip;]<\/p>\n","protected":false},"author":1,"featured_media":0,"parent":5,"menu_order":11,"comment_status":"closed","ping_status":"closed","template":"page-templates\/full-width.php","meta":{"_price":"","_stock":"","_tribe_ticket_header":"","_tribe_default_ticket_provider":"","_tribe_ticket_capacity":"0","_ticket_start_date":"","_ticket_end_date":"","_tribe_ticket_show_description":"","_tribe_ticket_show_not_going":false,"_tribe_ticket_use_global_stock":"","_tribe_ticket_global_stock_level":"","_global_stock_mode":"","_global_stock_cap":"","_tribe_rsvp_for_event":"","_tribe_ticket_going_count":"","_tribe_ticket_not_going_count":"","_tribe_tickets_list":"[]","_tribe_ticket_has_attendee_info_fields":false,"footnotes":"","_tec_slr_enabled":"","_tec_slr_layout":""},"class_list":["post-7","page","type-page","status-publish","hentry"],"ticketed":false,"_links":{"self":[{"href":"https:\/\/foerderverein-sophie-scholl-schule.de\/index.php?rest_route=\/wp\/v2\/pages\/7","targetHints":{"allow":["GET"]}}],"collection":[{"href":"https:\/\/foerderverein-sophie-scholl-schule.de\/index.php?rest_route=\/wp\/v2\/pages"}],"about":[{"href":"https:\/\/foerderverein-sophie-scholl-schule.de\/index.php?rest_route=\/wp\/v2\/types\/page"}],"author":[{"embeddable":true,"href":"https:\/\/foerderverein-sophie-scholl-schule.de\/index.php?rest_route=\/wp\/v2\/users\/1"}],"replies":[{"embeddable":true,"href":"https:\/\/foerderverein-sophie-scholl-schule.de\/index.php?rest_route=%2Fwp%2Fv2%2Fcomments&post=7"}],"version-history":[{"count":94,"href":"https:\/\/foerderverein-sophie-scholl-schule.de\/index.php?rest_route=\/wp\/v2\/pages\/7\/revisions"}],"predecessor-version":[{"id":1255,"href":"https:\/\/foerderverein-sophie-scholl-schule.de\/index.php?rest_route=\/wp\/v2\/pages\/7\/revisions\/1255"}],"up":[{"embeddable":true,"href":"https:\/\/foerderverein-sophie-scholl-schule.de\/index.php?rest_route=\/wp\/v2\/pages\/5"}],"wp:attachment":[{"href":"https:\/\/foerderverein-sophie-scholl-schule.de\/index.php?rest_route=%2Fwp%2Fv2%2Fmedia&parent=7"}],"curies":[{"name":"wp","href":"https:\/\/api.w.org\/{rel}","templated":true}]}}