{"id":282,"date":"2013-08-05T14:11:55","date_gmt":"2013-08-05T12:11:55","guid":{"rendered":"http:\/\/foerderverein-sophie-scholl-schule.de\/?page_id=282"},"modified":"2017-09-25T09:49:24","modified_gmt":"2017-09-25T07:49:24","slug":"unterstuetzung","status":"publish","type":"page","link":"https:\/\/foerderverein-sophie-scholl-schule.de\/?page_id=282","title":{"rendered":"Materielle Unterst\u00fctzung"},"content":{"rendered":"<p>Der F\u00f6rderverein unterst\u00fctzt die Schule bei der Erf\u00fcllung ihrer p\u00e4dagogischen Aufgaben. Dazu geh\u00f6ren insbesondere materielle Hilfen<\/p>\n<ul>\n<li>f\u00fcr schulische Angebote, z.B.\n<ul style=\"list-style-type: circle;\">\n<li>Zusch\u00fcsse zu Projekten (Fahrtkosten, Material, <a href=\"http:\/\/foerderverein-sophie-scholl-schule.de\/?p=525\">Juniorwahl<\/a>)<\/li>\n<li>Vorleseangebote Bibliothek<\/li>\n<\/ul>\n<\/li>\n<li>f\u00fcr sozial benachteiligte Sch\u00fclerinnen und Sch\u00fcler, z.B.\n<ul style=\"list-style-type: circle;\">\n<li>Zusch\u00fcsse zu Klassenfahrten (auf Antrag i.d.R. 70% der Kosten)<\/li>\n<li>Zusch\u00fcsse zu Studienreisen (auf Antrag i.d.R. 50% der Kosten)<\/li>\n<li>Zusch\u00fcsse\/Kosten\u00fcbernahme Ferienbetreuung<\/li>\n<li>Zusch\u00fcsse\/Kosten\u00fcbernahme f\u00fcr das Nachmittagsprogramm<\/li>\n<li>Zusch\u00fcsse\/Kosten\u00fcbernahme Schulgeld<\/li>\n<\/ul>\n<\/li>\n<li>f\u00fcr die Ausstattung der Schule\n<ul style=\"list-style-type: circle;\">\n<li>Spielger\u00e4te im Au\u00dfengel\u00e4nde (z.B. Fu\u00dfballtore, Reckstange, B\u00e4lle, &#8230;)<\/li>\n<li>Spiele f\u00fcr die Spielothek<\/li>\n<li>B\u00fccher f\u00fcr die Bibliotheken<\/li>\n<\/ul>\n<\/li>\n<\/ul>\n<div id=\"attachment_392\" style=\"width: 310px\" class=\"wp-caption alignleft\"><a href=\"http:\/\/foerderverein-sophie-scholl-schule.de\/wordpress\/wp-content\/uploads\/2013\/09\/12.jpg\" rel=\"lightbox-0\"><img loading=\"lazy\" decoding=\"async\" aria-describedby=\"caption-attachment-392\" class=\"size-medium wp-image-392\" alt=\"Auf dem Bild sind die neu angeschafften Fu\u00dfballtore zu sehen.\" src=\"http:\/\/foerderverein-sophie-scholl-schule.de\/wordpress\/wp-content\/uploads\/2013\/09\/12-300x206.jpg\" width=\"300\" height=\"206\" srcset=\"https:\/\/foerderverein-sophie-scholl-schule.de\/wordpress\/wp-content\/uploads\/2013\/09\/12-300x206.jpg 300w, https:\/\/foerderverein-sophie-scholl-schule.de\/wordpress\/wp-content\/uploads\/2013\/09\/12-1024x706.jpg 1024w, https:\/\/foerderverein-sophie-scholl-schule.de\/wordpress\/wp-content\/uploads\/2013\/09\/12-624x430.jpg 624w, https:\/\/foerderverein-sophie-scholl-schule.de\/wordpress\/wp-content\/uploads\/2013\/09\/12.jpg 2000w\" sizes=\"auto, (max-width: 300px) 100vw, 300px\" \/><\/a><p id=\"caption-attachment-392\" class=\"wp-caption-text\">Die 2013 vom F\u00f6rderverein angeschafften neuen Fu\u00dfballtore mit Netz und Ball.<\/p><\/div>\n","protected":false},"excerpt":{"rendered":"<p>Der F\u00f6rderverein unterst\u00fctzt die Schule bei der Erf\u00fcllung ihrer p\u00e4dagogischen Aufgaben. Dazu geh\u00f6ren insbesondere materielle Hilfen f\u00fcr schulische Angebote, z.B. Zusch\u00fcsse zu Projekten (Fahrtkosten, Material, Juniorwahl) Vorleseangebote Bibliothek f\u00fcr sozial [&hellip;]<\/p>\n","protected":false},"author":22,"featured_media":392,"parent":16,"menu_order":10,"comment_status":"closed","ping_status":"closed","template":"page-templates\/full-width.php","meta":{"_price":"","_stock":"","_tribe_ticket_header":"","_tribe_default_ticket_provider":"","_tribe_ticket_capacity":"0","_ticket_start_date":"","_ticket_end_date":"","_tribe_ticket_show_description":"","_tribe_ticket_show_not_going":false,"_tribe_ticket_use_global_stock":"","_tribe_ticket_global_stock_level":"","_global_stock_mode":"","_global_stock_cap":"","_tribe_rsvp_for_event":"","_tribe_ticket_going_count":"","_tribe_ticket_not_going_count":"","_tribe_tickets_list":"[]","_tribe_ticket_has_attendee_info_fields":false,"footnotes":"","_tec_slr_enabled":"","_tec_slr_layout":""},"class_list":["post-282","page","type-page","status-publish","has-post-thumbnail","hentry"],"ticketed":false,"_links":{"self":[{"href":"https:\/\/foerderverein-sophie-scholl-schule.de\/index.php?rest_route=\/wp\/v2\/pages\/282","targetHints":{"allow":["GET"]}}],"collection":[{"href":"https:\/\/foerderverein-sophie-scholl-schule.de\/index.php?rest_route=\/wp\/v2\/pages"}],"about":[{"href":"https:\/\/foerderverein-sophie-scholl-schule.de\/index.php?rest_route=\/wp\/v2\/types\/page"}],"author":[{"embeddable":true,"href":"https:\/\/foerderverein-sophie-scholl-schule.de\/index.php?rest_route=\/wp\/v2\/users\/22"}],"replies":[{"embeddable":true,"href":"https:\/\/foerderverein-sophie-scholl-schule.de\/index.php?rest_route=%2Fwp%2Fv2%2Fcomments&post=282"}],"version-history":[{"count":21,"href":"https:\/\/foerderverein-sophie-scholl-schule.de\/index.php?rest_route=\/wp\/v2\/pages\/282\/revisions"}],"predecessor-version":[{"id":554,"href":"https:\/\/foerderverein-sophie-scholl-schule.de\/index.php?rest_route=\/wp\/v2\/pages\/282\/revisions\/554"}],"up":[{"embeddable":true,"href":"https:\/\/foerderverein-sophie-scholl-schule.de\/index.php?rest_route=\/wp\/v2\/pages\/16"}],"wp:featuredmedia":[{"embeddable":true,"href":"https:\/\/foerderverein-sophie-scholl-schule.de\/index.php?rest_route=\/wp\/v2\/media\/392"}],"wp:attachment":[{"href":"https:\/\/foerderverein-sophie-scholl-schule.de\/index.php?rest_route=%2Fwp%2Fv2%2Fmedia&parent=282"}],"curies":[{"name":"wp","href":"https:\/\/api.w.org\/{rel}","templated":true}]}}