{"id":271,"date":"2013-07-25T01:12:13","date_gmt":"2013-07-24T23:12:13","guid":{"rendered":"http:\/\/foerderverein-sophie-scholl-schule.de\/?page_id=271"},"modified":"2013-09-24T13:44:19","modified_gmt":"2013-09-24T11:44:19","slug":"download-links","status":"publish","type":"page","link":"https:\/\/foerderverein-sophie-scholl-schule.de\/?page_id=271","title":{"rendered":"Download &#038; Links"},"content":{"rendered":"<p>In diesem Bereich k\u00f6nnen Sie Dokumente herunterladen, empfohlene Links besuchen oder ausgew\u00e4hlte Facebook-Beitr\u00e4ge ausw\u00e4hlen. Verwenden Sie die folgenden Links oder w\u00e4hlen die Punkte \u00fcber das Men\u00fc \u201cDOWNLOAD &amp; LINKS\u201d aus:<\/p>\n<ul>\n<li><a title=\"Download\" href=\"http:\/\/foerderverein-sophie-scholl-schule.de\/?page_id=18\">Download<\/a><\/li>\n<li><a title=\"Links\" href=\"http:\/\/foerderverein-sophie-scholl-schule.de\/?page_id=17\">Links<\/a><\/li>\n<li><a title=\"Facebook\" href=\"http:\/\/foerderverein-sophie-scholl-schule.de\/?page_id=329\">Facebook<\/a><\/li>\n<\/ul>\n","protected":false},"excerpt":{"rendered":"<p>In diesem Bereich k\u00f6nnen Sie Dokumente herunterladen, empfohlene Links besuchen oder ausgew\u00e4hlte Facebook-Beitr\u00e4ge ausw\u00e4hlen. Verwenden Sie die folgenden Links oder w\u00e4hlen die Punkte \u00fcber das Men\u00fc \u201cDOWNLOAD &amp; LINKS\u201d aus: [&hellip;]<\/p>\n","protected":false},"author":1,"featured_media":0,"parent":0,"menu_order":40,"comment_status":"closed","ping_status":"closed","template":"page-templates\/full-width.php","meta":{"_price":"","_stock":"","_tribe_ticket_header":"","_tribe_default_ticket_provider":"","_tribe_ticket_capacity":"0","_ticket_start_date":"","_ticket_end_date":"","_tribe_ticket_show_description":"","_tribe_ticket_show_not_going":false,"_tribe_ticket_use_global_stock":"","_tribe_ticket_global_stock_level":"","_global_stock_mode":"","_global_stock_cap":"","_tribe_rsvp_for_event":"","_tribe_ticket_going_count":"","_tribe_ticket_not_going_count":"","_tribe_tickets_list":"[]","_tribe_ticket_has_attendee_info_fields":false,"footnotes":"","_tec_slr_enabled":"","_tec_slr_layout":""},"class_list":["post-271","page","type-page","status-publish","hentry"],"ticketed":false,"_links":{"self":[{"href":"https:\/\/foerderverein-sophie-scholl-schule.de\/index.php?rest_route=\/wp\/v2\/pages\/271","targetHints":{"allow":["GET"]}}],"collection":[{"href":"https:\/\/foerderverein-sophie-scholl-schule.de\/index.php?rest_route=\/wp\/v2\/pages"}],"about":[{"href":"https:\/\/foerderverein-sophie-scholl-schule.de\/index.php?rest_route=\/wp\/v2\/types\/page"}],"author":[{"embeddable":true,"href":"https:\/\/foerderverein-sophie-scholl-schule.de\/index.php?rest_route=\/wp\/v2\/users\/1"}],"replies":[{"embeddable":true,"href":"https:\/\/foerderverein-sophie-scholl-schule.de\/index.php?rest_route=%2Fwp%2Fv2%2Fcomments&post=271"}],"version-history":[{"count":4,"href":"https:\/\/foerderverein-sophie-scholl-schule.de\/index.php?rest_route=\/wp\/v2\/pages\/271\/revisions"}],"predecessor-version":[{"id":486,"href":"https:\/\/foerderverein-sophie-scholl-schule.de\/index.php?rest_route=\/wp\/v2\/pages\/271\/revisions\/486"}],"wp:attachment":[{"href":"https:\/\/foerderverein-sophie-scholl-schule.de\/index.php?rest_route=%2Fwp%2Fv2%2Fmedia&parent=271"}],"curies":[{"name":"wp","href":"https:\/\/api.w.org\/{rel}","templated":true}]}}