{"id":263,"date":"2013-07-25T00:54:36","date_gmt":"2013-07-24T22:54:36","guid":{"rendered":"http:\/\/foerderverein-sophie-scholl-schule.de\/?page_id=263"},"modified":"2026-03-01T11:15:56","modified_gmt":"2026-03-01T09:15:56","slug":"durch-ihre-aktivitat","status":"publish","type":"page","link":"https:\/\/foerderverein-sophie-scholl-schule.de\/?page_id=263","title":{"rendered":"Durch Deine Aktivit\u00e4t!"},"content":{"rendered":"<p>Unterst\u00fctze die Arbeit des F\u00f6rdervereines selbst aktiv z.B. durch<\/p>\n<ul>\n<li><span style=\"line-height: 14px;\">Beteiligung an Festen und Feiern der Sophie-Scholl-Schule, z.B. Kuchenspenden oder \u00dcbernahme von Diensten an unserem Stand, beim Verkauf von Speisen und Getr\u00e4nken<\/span><\/li>\n<li>Unterst\u00fctzung in den AG`s. Was kannst Du, was den Sch\u00fclerinnen und Sch\u00fclern den nachmittag bereichert? \u00dcbernimm eine AG und erm\u00f6gliche neue Eindr\u00fccke. Das kann Kochen, Sport oder Kreatives sein<\/li>\n<li>Kennst Du Dich gut mit Social Media und Werbung aus ? Die Vorsitzenden schaffen nicht alles alleine und freuen sich auf Unterst\u00fctzung dabei!<\/li>\n<li>\u00d6ffentliche Veranstaltungen, wie der Weltkindertag in der Wieseck Aue oder Fluss mit Flair&#8230; wir m\u00f6chten uns noch mehr in der \u00d6ffentlichkeit aufstellen, aber es fehlen uns oft die Ressourcen f\u00fcr die St\u00e4nde<\/li>\n<li>Hast Du selbst ein Unternehmen und kannst uns mit Give-aways bereichern? Kleine Preise f\u00fcr unsere Tombola und die Mitmach-Aktionen an unseren St\u00e4nden, kommen immer gut an bei den Besuchern.<\/li>\n<\/ul>\n<p>Nat\u00fcrlich freuen wir uns auch, wenn Du zur Mitgliederversammlung einmal im Jahr kommst und Dich z.B. als Beisitzer einbringt. Sprich uns an!<\/p>\n","protected":false},"excerpt":{"rendered":"<p>Unterst\u00fctze die Arbeit des F\u00f6rdervereines selbst aktiv z.B. durch Beteiligung an Festen und Feiern der Sophie-Scholl-Schule, z.B. Kuchenspenden oder \u00dcbernahme von Diensten an unserem Stand, beim Verkauf von Speisen und [&hellip;]<\/p>\n","protected":false},"author":1,"featured_media":0,"parent":14,"menu_order":40,"comment_status":"closed","ping_status":"closed","template":"page-templates\/full-width.php","meta":{"_price":"","_stock":"","_tribe_ticket_header":"","_tribe_default_ticket_provider":"","_tribe_ticket_capacity":"0","_ticket_start_date":"","_ticket_end_date":"","_tribe_ticket_show_description":"","_tribe_ticket_show_not_going":false,"_tribe_ticket_use_global_stock":"","_tribe_ticket_global_stock_level":"","_global_stock_mode":"","_global_stock_cap":"","_tribe_rsvp_for_event":"","_tribe_ticket_going_count":"","_tribe_ticket_not_going_count":"","_tribe_tickets_list":"[]","_tribe_ticket_has_attendee_info_fields":false,"footnotes":"","_tec_slr_enabled":"","_tec_slr_layout":""},"class_list":["post-263","page","type-page","status-publish","hentry"],"ticketed":false,"_links":{"self":[{"href":"https:\/\/foerderverein-sophie-scholl-schule.de\/index.php?rest_route=\/wp\/v2\/pages\/263","targetHints":{"allow":["GET"]}}],"collection":[{"href":"https:\/\/foerderverein-sophie-scholl-schule.de\/index.php?rest_route=\/wp\/v2\/pages"}],"about":[{"href":"https:\/\/foerderverein-sophie-scholl-schule.de\/index.php?rest_route=\/wp\/v2\/types\/page"}],"author":[{"embeddable":true,"href":"https:\/\/foerderverein-sophie-scholl-schule.de\/index.php?rest_route=\/wp\/v2\/users\/1"}],"replies":[{"embeddable":true,"href":"https:\/\/foerderverein-sophie-scholl-schule.de\/index.php?rest_route=%2Fwp%2Fv2%2Fcomments&post=263"}],"version-history":[{"count":6,"href":"https:\/\/foerderverein-sophie-scholl-schule.de\/index.php?rest_route=\/wp\/v2\/pages\/263\/revisions"}],"predecessor-version":[{"id":1318,"href":"https:\/\/foerderverein-sophie-scholl-schule.de\/index.php?rest_route=\/wp\/v2\/pages\/263\/revisions\/1318"}],"up":[{"embeddable":true,"href":"https:\/\/foerderverein-sophie-scholl-schule.de\/index.php?rest_route=\/wp\/v2\/pages\/14"}],"wp:attachment":[{"href":"https:\/\/foerderverein-sophie-scholl-schule.de\/index.php?rest_route=%2Fwp%2Fv2%2Fmedia&parent=263"}],"curies":[{"name":"wp","href":"https:\/\/api.w.org\/{rel}","templated":true}]}}