{"id":238,"date":"2013-07-24T23:51:11","date_gmt":"2013-07-24T21:51:11","guid":{"rendered":"http:\/\/foerderverein-sophie-scholl-schule.de\/?page_id=238"},"modified":"2013-08-05T23:41:31","modified_gmt":"2013-08-05T21:41:31","slug":"schulpatenschaft","status":"publish","type":"page","link":"https:\/\/foerderverein-sophie-scholl-schule.de\/?page_id=238","title":{"rendered":"Schulpatenschaft"},"content":{"rendered":"<p>Privatpersonen, Freiberufler und Unternehmen k\u00f6nnen unsere Schule als Pate unterst\u00fctzen. Mit der \u00dcbernahme einer Schulpatenschaft erh\u00e4lt der Pate das Recht, \u00f6ffentlich als F\u00f6rderer der Sophie-Scholl-Schule aufzutreten und damit zu werben; weitere Kooperationsm\u00f6glichkeiten nach Wunsch &#8211; sprechen Sie uns einfach an.<\/p>\n<p>Sch\u00e4rfen Sie Ihr Profil in der \u00d6ffentlichkeit und bekennen Sie sich als F\u00f6rderer einer guten Sache!<\/p>\n<p>Schulpaten zahlen einen j\u00e4hrlichen Mindestbeitrag von 1.000 \u20ac.<\/p>\n<h3>Aktiver Schulpate:<\/h3>\n<p><strong>J\u00f6rg Wohlfeil, Rechtsanw\u00e4lte und Fachanwalt f\u00fcr Arbeitsrecht:<\/strong><\/p>\n<blockquote><p>&#8222;Ich bin Schulpate geworden weil ich das Konzept der Schule genial finde. Behinderte Kinder lernen mit nicht behinderten Kindern zusammen. Die von mir wahrgenommenen Lernerfolge bei behinderten Kindern h\u00e4tte ich nie f\u00fcr m\u00f6glich gehalten. Unsere Tochter ist nicht (sogenannt) behindert, und ich finde es toll wie sie von Anfang an Kontakt mit allen Kindern hat. Sie hat keine Ber\u00fchrungs\u00e4ngste und geht offen auf jedermann zu. Das Schulkonzept erweitert ihren Horizont. So etwas muss gef\u00f6rdert werden. Aus diesem Grunde bin ich Schulpate.&#8220;<\/p><\/blockquote>\n<p><a href=\"http:\/\/www.wohlfeil.info\/\"><img loading=\"lazy\" decoding=\"async\" class=\"alignleft size-full wp-image-243\" alt=\"logowohlfeil\" src=\"http:\/\/foerderverein-sophie-scholl-schule.de\/wordpress\/wp-content\/uploads\/2013\/07\/logowohlfeil.jpg\" width=\"347\" height=\"52\" srcset=\"https:\/\/foerderverein-sophie-scholl-schule.de\/wordpress\/wp-content\/uploads\/2013\/07\/logowohlfeil.jpg 347w, https:\/\/foerderverein-sophie-scholl-schule.de\/wordpress\/wp-content\/uploads\/2013\/07\/logowohlfeil-300x44.jpg 300w\" sizes=\"auto, (max-width: 347px) 100vw, 347px\" \/><\/a><\/p>\n","protected":false},"excerpt":{"rendered":"<p>Privatpersonen, Freiberufler und Unternehmen k\u00f6nnen unsere Schule als Pate unterst\u00fctzen. Mit der \u00dcbernahme einer Schulpatenschaft erh\u00e4lt der Pate das Recht, \u00f6ffentlich als F\u00f6rderer der Sophie-Scholl-Schule aufzutreten und damit zu werben; [&hellip;]<\/p>\n","protected":false},"author":1,"featured_media":0,"parent":14,"menu_order":30,"comment_status":"closed","ping_status":"closed","template":"page-templates\/full-width.php","meta":{"_price":"","_stock":"","_tribe_ticket_header":"","_tribe_default_ticket_provider":"","_tribe_ticket_capacity":"0","_ticket_start_date":"","_ticket_end_date":"","_tribe_ticket_show_description":"","_tribe_ticket_show_not_going":false,"_tribe_ticket_use_global_stock":"","_tribe_ticket_global_stock_level":"","_global_stock_mode":"","_global_stock_cap":"","_tribe_rsvp_for_event":"","_tribe_ticket_going_count":"","_tribe_ticket_not_going_count":"","_tribe_tickets_list":"[]","_tribe_ticket_has_attendee_info_fields":false,"footnotes":"","_tec_slr_enabled":"","_tec_slr_layout":""},"class_list":["post-238","page","type-page","status-publish","hentry"],"ticketed":false,"_links":{"self":[{"href":"https:\/\/foerderverein-sophie-scholl-schule.de\/index.php?rest_route=\/wp\/v2\/pages\/238","targetHints":{"allow":["GET"]}}],"collection":[{"href":"https:\/\/foerderverein-sophie-scholl-schule.de\/index.php?rest_route=\/wp\/v2\/pages"}],"about":[{"href":"https:\/\/foerderverein-sophie-scholl-schule.de\/index.php?rest_route=\/wp\/v2\/types\/page"}],"author":[{"embeddable":true,"href":"https:\/\/foerderverein-sophie-scholl-schule.de\/index.php?rest_route=\/wp\/v2\/users\/1"}],"replies":[{"embeddable":true,"href":"https:\/\/foerderverein-sophie-scholl-schule.de\/index.php?rest_route=%2Fwp%2Fv2%2Fcomments&post=238"}],"version-history":[{"count":7,"href":"https:\/\/foerderverein-sophie-scholl-schule.de\/index.php?rest_route=\/wp\/v2\/pages\/238\/revisions"}],"predecessor-version":[{"id":244,"href":"https:\/\/foerderverein-sophie-scholl-schule.de\/index.php?rest_route=\/wp\/v2\/pages\/238\/revisions\/244"}],"up":[{"embeddable":true,"href":"https:\/\/foerderverein-sophie-scholl-schule.de\/index.php?rest_route=\/wp\/v2\/pages\/14"}],"wp:attachment":[{"href":"https:\/\/foerderverein-sophie-scholl-schule.de\/index.php?rest_route=%2Fwp%2Fv2%2Fmedia&parent=238"}],"curies":[{"name":"wp","href":"https:\/\/api.w.org\/{rel}","templated":true}]}}