{"id":234,"date":"2013-07-24T23:41:54","date_gmt":"2013-07-24T21:41:54","guid":{"rendered":"http:\/\/foerderverein-sophie-scholl-schule.de\/?page_id=234"},"modified":"2014-03-18T15:05:18","modified_gmt":"2014-03-18T13:05:18","slug":"mitgliedschaft","status":"publish","type":"page","link":"https:\/\/foerderverein-sophie-scholl-schule.de\/?page_id=234","title":{"rendered":"Mitgliedschaft"},"content":{"rendered":"<p>Als Mitglied im F\u00f6rderverein\u00a0unterst\u00fctzen Sie uns regelm\u00e4\u00dfig &#8211; die H\u00f6he Ihres Mitgliedsbeitrags bestimmen Sie selbst, der Mindestbeitrag liegt bei drei Euro\/Monat. Den Antrag auf \u00a0Mitgliedschaft k\u00f6nnen Sie <a href=\"http:\/\/foerderverein-sophie-scholl-schule.de\/wordpress\/wp-content\/uploads\/2014\/03\/Beitritt_Sepa.pdf\">hier herunterladen<\/a> oder aber in der Schule einfach mitnehmen.<\/p>\n<p>Unsere Vereinssatzung finden auf <a title=\"Satzung\" href=\"http:\/\/foerderverein-sophie-scholl-schule.de\/?page_id=13\">dieser Seite<\/a>.<\/p>\n","protected":false},"excerpt":{"rendered":"<p>Als Mitglied im F\u00f6rderverein\u00a0unterst\u00fctzen Sie uns regelm\u00e4\u00dfig &#8211; die H\u00f6he Ihres Mitgliedsbeitrags bestimmen Sie selbst, der Mindestbeitrag liegt bei drei Euro\/Monat. Den Antrag auf \u00a0Mitgliedschaft k\u00f6nnen Sie hier herunterladen oder [&hellip;]<\/p>\n","protected":false},"author":1,"featured_media":0,"parent":14,"menu_order":10,"comment_status":"closed","ping_status":"closed","template":"page-templates\/full-width.php","meta":{"_price":"","_stock":"","_tribe_ticket_header":"","_tribe_default_ticket_provider":"","_tribe_ticket_capacity":"0","_ticket_start_date":"","_ticket_end_date":"","_tribe_ticket_show_description":"","_tribe_ticket_show_not_going":false,"_tribe_ticket_use_global_stock":"","_tribe_ticket_global_stock_level":"","_global_stock_mode":"","_global_stock_cap":"","_tribe_rsvp_for_event":"","_tribe_ticket_going_count":"","_tribe_ticket_not_going_count":"","_tribe_tickets_list":"[]","_tribe_ticket_has_attendee_info_fields":false,"footnotes":"","_tec_slr_enabled":"","_tec_slr_layout":""},"class_list":["post-234","page","type-page","status-publish","hentry"],"ticketed":false,"_links":{"self":[{"href":"https:\/\/foerderverein-sophie-scholl-schule.de\/index.php?rest_route=\/wp\/v2\/pages\/234","targetHints":{"allow":["GET"]}}],"collection":[{"href":"https:\/\/foerderverein-sophie-scholl-schule.de\/index.php?rest_route=\/wp\/v2\/pages"}],"about":[{"href":"https:\/\/foerderverein-sophie-scholl-schule.de\/index.php?rest_route=\/wp\/v2\/types\/page"}],"author":[{"embeddable":true,"href":"https:\/\/foerderverein-sophie-scholl-schule.de\/index.php?rest_route=\/wp\/v2\/users\/1"}],"replies":[{"embeddable":true,"href":"https:\/\/foerderverein-sophie-scholl-schule.de\/index.php?rest_route=%2Fwp%2Fv2%2Fcomments&post=234"}],"version-history":[{"count":9,"href":"https:\/\/foerderverein-sophie-scholl-schule.de\/index.php?rest_route=\/wp\/v2\/pages\/234\/revisions"}],"predecessor-version":[{"id":632,"href":"https:\/\/foerderverein-sophie-scholl-schule.de\/index.php?rest_route=\/wp\/v2\/pages\/234\/revisions\/632"}],"up":[{"embeddable":true,"href":"https:\/\/foerderverein-sophie-scholl-schule.de\/index.php?rest_route=\/wp\/v2\/pages\/14"}],"wp:attachment":[{"href":"https:\/\/foerderverein-sophie-scholl-schule.de\/index.php?rest_route=%2Fwp%2Fv2%2Fmedia&parent=234"}],"curies":[{"name":"wp","href":"https:\/\/api.w.org\/{rel}","templated":true}]}}