{"id":19,"date":"2013-07-01T01:21:16","date_gmt":"2013-06-30T23:21:16","guid":{"rendered":"http:\/\/foerderverein-sophie-scholl-schule.de\/?page_id=19"},"modified":"2026-02-22T16:38:11","modified_gmt":"2026-02-22T14:38:11","slug":"fotos","status":"publish","type":"page","link":"https:\/\/foerderverein-sophie-scholl-schule.de\/?page_id=19","title":{"rendered":"Feste und Feiern"},"content":{"rendered":"<p>Der F\u00f6rderverein der\u00a0 beiden Schulen in Gie\u00dfen unterst\u00fctzt Gel\u00e4nde- und Schulveranstaltungen zugunsten der Kinder. Wir nehmen regelm\u00e4\u00dfig an Festen und verschiedenen Veranstaltungen teil und organisieren eigene St\u00e4nde. Das bekannte Bruchstrassenfest stand lange auf unserer Agenda, aber nach Corona fiel dies leider aus. Die Einnahmen aus unseren St\u00e4nden flie\u00dfen ausschlie\u00dflich in die F\u00f6rderung des Schulalltags und der Belange der Kinder \u2013 zum Beispiel f\u00fcr Lernmaterial, kulturelle Projekte, Freizeitangebote und zus\u00e4tzliche Unterst\u00fctzungsma\u00dfnahmen. Wir freuen uns \u00fcber Ihre Unterst\u00fctzung und besuchende Teilnahme.<\/p>\n","protected":false},"excerpt":{"rendered":"<p>Der F\u00f6rderverein der\u00a0 beiden Schulen in Gie\u00dfen unterst\u00fctzt Gel\u00e4nde- und Schulveranstaltungen zugunsten der Kinder. Wir nehmen regelm\u00e4\u00dfig an Festen und verschiedenen Veranstaltungen teil und organisieren eigene St\u00e4nde. Das bekannte Bruchstrassenfest [&hellip;]<\/p>\n","protected":false},"author":1,"featured_media":0,"parent":16,"menu_order":30,"comment_status":"closed","ping_status":"closed","template":"page-templates\/full-width.php","meta":{"_price":"","_stock":"","_tribe_ticket_header":"","_tribe_default_ticket_provider":"","_tribe_ticket_capacity":"0","_ticket_start_date":"","_ticket_end_date":"","_tribe_ticket_show_description":"","_tribe_ticket_show_not_going":false,"_tribe_ticket_use_global_stock":"","_tribe_ticket_global_stock_level":"","_global_stock_mode":"","_global_stock_cap":"","_tribe_rsvp_for_event":"","_tribe_ticket_going_count":"","_tribe_ticket_not_going_count":"","_tribe_tickets_list":"[]","_tribe_ticket_has_attendee_info_fields":false,"footnotes":"","_tec_slr_enabled":"","_tec_slr_layout":""},"class_list":["post-19","page","type-page","status-publish","hentry"],"ticketed":false,"_links":{"self":[{"href":"https:\/\/foerderverein-sophie-scholl-schule.de\/index.php?rest_route=\/wp\/v2\/pages\/19","targetHints":{"allow":["GET"]}}],"collection":[{"href":"https:\/\/foerderverein-sophie-scholl-schule.de\/index.php?rest_route=\/wp\/v2\/pages"}],"about":[{"href":"https:\/\/foerderverein-sophie-scholl-schule.de\/index.php?rest_route=\/wp\/v2\/types\/page"}],"author":[{"embeddable":true,"href":"https:\/\/foerderverein-sophie-scholl-schule.de\/index.php?rest_route=\/wp\/v2\/users\/1"}],"replies":[{"embeddable":true,"href":"https:\/\/foerderverein-sophie-scholl-schule.de\/index.php?rest_route=%2Fwp%2Fv2%2Fcomments&post=19"}],"version-history":[{"count":12,"href":"https:\/\/foerderverein-sophie-scholl-schule.de\/index.php?rest_route=\/wp\/v2\/pages\/19\/revisions"}],"predecessor-version":[{"id":1288,"href":"https:\/\/foerderverein-sophie-scholl-schule.de\/index.php?rest_route=\/wp\/v2\/pages\/19\/revisions\/1288"}],"up":[{"embeddable":true,"href":"https:\/\/foerderverein-sophie-scholl-schule.de\/index.php?rest_route=\/wp\/v2\/pages\/16"}],"wp:attachment":[{"href":"https:\/\/foerderverein-sophie-scholl-schule.de\/index.php?rest_route=%2Fwp%2Fv2%2Fmedia&parent=19"}],"curies":[{"name":"wp","href":"https:\/\/api.w.org\/{rel}","templated":true}]}}