{"id":187,"date":"2017-02-06T06:00:34","date_gmt":"2017-02-06T04:00:34","guid":{"rendered":"http:\/\/foerderverein-sophie-scholl-schule.de\/?page_id=187"},"modified":"2025-10-28T17:59:07","modified_gmt":"2025-10-28T15:59:07","slug":"nami-nachmittagskurse","status":"publish","type":"page","link":"https:\/\/foerderverein-sophie-scholl-schule.de\/?page_id=187","title":{"rendered":"NaMi &#8211; Nachmittagskurse"},"content":{"rendered":"<p><a href=\"http:\/\/foerderverein-sophie-scholl-schule.de\/wordpress\/wp-content\/uploads\/2018\/04\/NAMI-Heft_2017-18-2-HJ.jpg\" rel=\"lightbox-0\"><img loading=\"lazy\" decoding=\"async\" class=\"wp-image-1113 alignleft\" src=\"http:\/\/foerderverein-sophie-scholl-schule.de\/wordpress\/wp-content\/uploads\/2018\/04\/NAMI-Heft_2017-18-2-HJ-212x300.jpg\" alt=\"\" width=\"76\" height=\"108\" \/><\/a>Die Nachmittagskurse (NaMi) werden gemeinsam vom Schulteam, dem F\u00f6rderverein, den Kursleitern und zum Teil auch kooperierenden Vereinen angeboten. Ein eigenes NaMi-Team k\u00fcmmert sich um die Organisation, angefangen bei der Zusammenstellung des Programms \u00fcber die internetbasierte Anmeldung bis hin zur Unterst\u00fctzung der Umsetzung.<\/p>\n<h1>Anmeldung<\/h1>\n<p>Die Anmeldung zum Nami-Programm ist \u00fcber das Men\u00fc &#8222;unsere Aktivit\u00e4ten&#8220; &#8222;F\u00fcr Eltern&#8220; m\u00f6glich.<br \/>\n<!-- Die Anmeldung zum Nami-Programm kann zwischen Montag, den 25.09.2017, 09.00 Uhr und <strong>Montag, den 02.10.2017, 18.00 Uhr<\/strong> erfolgen. Sp\u00e4tere Anmeldungen k\u00f6nnen nicht ber\u00fccksichtigt werden!\n\nF\u00fcr die Kursanmeldung sind nachfolgend die Webseiten und Funktionen des Dienstes \"namikurs.de\" eingebunden. Hier finden Sie <a href=\"?page_id=20#datenschutznami\">Informationen zum Datenschutz<\/a>.\n\n\n\n<hr style=\"width: 100%;\" width=\"100%\" \/>\n\n\n<p style=\"width: 100%;\">[iframe src=\"http:\/\/www.namikurs.de\/nami20\/login.aspx\" width=\"100%\" height=\"600\"]<\/p>\n\n\n\n\n\n\n<hr style=\"width: 100%;\" width=\"100%\" \/>\n\n--><\/p>\n<p><!-- Der Quellcode befindet sich im Webdesign-Ordner fsssg --><\/p>\n","protected":false},"excerpt":{"rendered":"<p>Die Nachmittagskurse (NaMi) werden gemeinsam vom Schulteam, dem F\u00f6rderverein, den Kursleitern und zum Teil auch kooperierenden Vereinen angeboten. Ein eigenes NaMi-Team k\u00fcmmert sich um die Organisation, angefangen bei der Zusammenstellung [&hellip;]<\/p>\n","protected":false},"author":22,"featured_media":0,"parent":16,"menu_order":20,"comment_status":"closed","ping_status":"closed","template":"page-templates\/full-width.php","meta":{"_price":"","_stock":"","_tribe_ticket_header":"","_tribe_default_ticket_provider":"","_tribe_ticket_capacity":"0","_ticket_start_date":"","_ticket_end_date":"","_tribe_ticket_show_description":"","_tribe_ticket_show_not_going":false,"_tribe_ticket_use_global_stock":"","_tribe_ticket_global_stock_level":"","_global_stock_mode":"","_global_stock_cap":"","_tribe_rsvp_for_event":"","_tribe_ticket_going_count":"","_tribe_ticket_not_going_count":"","_tribe_tickets_list":"[]","_tribe_ticket_has_attendee_info_fields":false,"footnotes":"","_tec_slr_enabled":"","_tec_slr_layout":""},"class_list":["post-187","page","type-page","status-publish","hentry"],"ticketed":false,"_links":{"self":[{"href":"https:\/\/foerderverein-sophie-scholl-schule.de\/index.php?rest_route=\/wp\/v2\/pages\/187","targetHints":{"allow":["GET"]}}],"collection":[{"href":"https:\/\/foerderverein-sophie-scholl-schule.de\/index.php?rest_route=\/wp\/v2\/pages"}],"about":[{"href":"https:\/\/foerderverein-sophie-scholl-schule.de\/index.php?rest_route=\/wp\/v2\/types\/page"}],"author":[{"embeddable":true,"href":"https:\/\/foerderverein-sophie-scholl-schule.de\/index.php?rest_route=\/wp\/v2\/users\/22"}],"replies":[{"embeddable":true,"href":"https:\/\/foerderverein-sophie-scholl-schule.de\/index.php?rest_route=%2Fwp%2Fv2%2Fcomments&post=187"}],"version-history":[{"count":96,"href":"https:\/\/foerderverein-sophie-scholl-schule.de\/index.php?rest_route=\/wp\/v2\/pages\/187\/revisions"}],"predecessor-version":[{"id":1264,"href":"https:\/\/foerderverein-sophie-scholl-schule.de\/index.php?rest_route=\/wp\/v2\/pages\/187\/revisions\/1264"}],"up":[{"embeddable":true,"href":"https:\/\/foerderverein-sophie-scholl-schule.de\/index.php?rest_route=\/wp\/v2\/pages\/16"}],"wp:attachment":[{"href":"https:\/\/foerderverein-sophie-scholl-schule.de\/index.php?rest_route=%2Fwp%2Fv2%2Fmedia&parent=187"}],"curies":[{"name":"wp","href":"https:\/\/api.w.org\/{rel}","templated":true}]}}