{"id":18,"date":"2013-07-01T01:21:09","date_gmt":"2013-06-30T23:21:09","guid":{"rendered":"http:\/\/foerderverein-sophie-scholl-schule.de\/?page_id=18"},"modified":"2026-02-22T17:52:11","modified_gmt":"2026-02-22T15:52:11","slug":"download","status":"publish","type":"page","link":"https:\/\/foerderverein-sophie-scholl-schule.de\/?page_id=18","title":{"rendered":"Download"},"content":{"rendered":"<p>Die nachfolgenden Dateien liegen im pdf-Format vor:<\/p>\n<ul>\n<li><a href=\"http:\/\/foerderverein-sophie-scholl-schule.de\/wordpress\/wp-content\/uploads\/2026\/02\/2025-Beitritt-Foerderverein.pdf\" target=\"_blank\" rel=\"noopener\">Beitrittsformular<\/a><\/li>\n<li><a href=\"http:\/\/foerderverein-sophie-scholl-schule.de\/wordpress\/wp-content\/uploads\/2026\/02\/2025-10-Foerderantrag-Vorlage-1.pdf\">Antrag F\u00f6rdermittel FSSSG<\/a><\/li>\n<li><a href=\"http:\/\/foerderverein-sophie-scholl-schule.de\/wordpress\/wp-content\/uploads\/2026\/02\/2025-Flyer-FSSS-klein.pdf\" target=\"_blank\" rel=\"noopener\">F\u00f6rderverein-Flyer<\/a><\/li>\n<li><a href=\"http:\/\/foerderverein-sophie-scholl-schule.de\/wordpress\/wp-content\/uploads\/2026\/02\/2025-Satzung_Foerderverein_Sophie_Scholl_Schule-1.pdf\" target=\"_blank\" rel=\"noopener\">Satzung des F\u00f6rdervereins\u00a0<\/a><\/li>\n<\/ul>\n\n\n<p><\/p>\n","protected":false},"excerpt":{"rendered":"<p>Die nachfolgenden Dateien liegen im pdf-Format vor: Beitrittsformular Antrag F\u00f6rdermittel FSSSG F\u00f6rderverein-Flyer Satzung des F\u00f6rdervereins\u00a0<\/p>\n","protected":false},"author":1,"featured_media":0,"parent":271,"menu_order":41,"comment_status":"closed","ping_status":"closed","template":"page-templates\/full-width.php","meta":{"_price":"","_stock":"","_tribe_ticket_header":"","_tribe_default_ticket_provider":"","_tribe_ticket_capacity":"0","_ticket_start_date":"","_ticket_end_date":"","_tribe_ticket_show_description":"","_tribe_ticket_show_not_going":false,"_tribe_ticket_use_global_stock":"","_tribe_ticket_global_stock_level":"","_global_stock_mode":"","_global_stock_cap":"","_tribe_rsvp_for_event":"","_tribe_ticket_going_count":"","_tribe_ticket_not_going_count":"","_tribe_tickets_list":"[]","_tribe_ticket_has_attendee_info_fields":false,"footnotes":"","_tec_slr_enabled":"","_tec_slr_layout":""},"class_list":["post-18","page","type-page","status-publish","hentry"],"ticketed":false,"_links":{"self":[{"href":"https:\/\/foerderverein-sophie-scholl-schule.de\/index.php?rest_route=\/wp\/v2\/pages\/18","targetHints":{"allow":["GET"]}}],"collection":[{"href":"https:\/\/foerderverein-sophie-scholl-schule.de\/index.php?rest_route=\/wp\/v2\/pages"}],"about":[{"href":"https:\/\/foerderverein-sophie-scholl-schule.de\/index.php?rest_route=\/wp\/v2\/types\/page"}],"author":[{"embeddable":true,"href":"https:\/\/foerderverein-sophie-scholl-schule.de\/index.php?rest_route=\/wp\/v2\/users\/1"}],"replies":[{"embeddable":true,"href":"https:\/\/foerderverein-sophie-scholl-schule.de\/index.php?rest_route=%2Fwp%2Fv2%2Fcomments&post=18"}],"version-history":[{"count":32,"href":"https:\/\/foerderverein-sophie-scholl-schule.de\/index.php?rest_route=\/wp\/v2\/pages\/18\/revisions"}],"predecessor-version":[{"id":1314,"href":"https:\/\/foerderverein-sophie-scholl-schule.de\/index.php?rest_route=\/wp\/v2\/pages\/18\/revisions\/1314"}],"up":[{"embeddable":true,"href":"https:\/\/foerderverein-sophie-scholl-schule.de\/index.php?rest_route=\/wp\/v2\/pages\/271"}],"wp:attachment":[{"href":"https:\/\/foerderverein-sophie-scholl-schule.de\/index.php?rest_route=%2Fwp%2Fv2%2Fmedia&parent=18"}],"curies":[{"name":"wp","href":"https:\/\/api.w.org\/{rel}","templated":true}]}}