{"id":16,"date":"2013-07-01T01:20:50","date_gmt":"2013-06-30T23:20:50","guid":{"rendered":"http:\/\/foerderverein-sophie-scholl-schule.de\/?page_id=16"},"modified":"2017-08-22T00:02:11","modified_gmt":"2017-08-21T22:02:11","slug":"angebote","status":"publish","type":"page","link":"https:\/\/foerderverein-sophie-scholl-schule.de\/?page_id=16","title":{"rendered":"Unsere Aktivit\u00e4ten"},"content":{"rendered":"<p>Aus unseren <a title=\"Aufgaben und Ziele\" href=\"http:\/\/foerderverein-sophie-scholl-schule.de\/?page_id=12\">Aufgaben und Zielen<\/a> leiten sich unsere Aktivit\u00e4ten ab. Sie finden hier (oder \u00fcber das Men\u00fc &#8222;Unsere Aktivit\u00e4ten&#8220;) daher Informationen zu den Bereichen:<\/p>\n<ul>\n<li><a title=\"NaMi \u2013 Nachmittagskurse\" href=\"http:\/\/foerderverein-sophie-scholl-schule.de\/?page_id=187\">Nachmittagskurse (NaMi)<\/a><\/li>\n<li><a title=\"Feste und Feiern\" href=\"http:\/\/foerderverein-sophie-scholl-schule.de\/?page_id=19\">Feste und Feiern<\/a><\/li>\n<li><a title=\"Materielle Unterst\u00fctzung\" href=\"http:\/\/foerderverein-sophie-scholl-schule.de\/?page_id=282\">Materielle Unterst\u00fctzung<\/a><\/li>\n<\/ul>\n<p>Der <a href=\"http:\/\/foerderverein-sophie-scholl-schule.de\/?p=869\">Info-Letter<\/a>\u00a0bietet Ihnen auf vier Seiten ebenfalls einen \u00dcberblick \u00fcber unsere Aktivit\u00e4ten.<\/p>\n","protected":false},"excerpt":{"rendered":"<p>Aus unseren Aufgaben und Zielen leiten sich unsere Aktivit\u00e4ten ab. Sie finden hier (oder \u00fcber das Men\u00fc &#8222;Unsere Aktivit\u00e4ten&#8220;) daher Informationen zu den Bereichen: Nachmittagskurse (NaMi) Feste und Feiern Materielle [&hellip;]<\/p>\n","protected":false},"author":1,"featured_media":0,"parent":0,"menu_order":10,"comment_status":"closed","ping_status":"closed","template":"","meta":{"_price":"","_stock":"","_tribe_ticket_header":"","_tribe_default_ticket_provider":"","_tribe_ticket_capacity":"0","_ticket_start_date":"","_ticket_end_date":"","_tribe_ticket_show_description":"","_tribe_ticket_show_not_going":false,"_tribe_ticket_use_global_stock":"","_tribe_ticket_global_stock_level":"","_global_stock_mode":"","_global_stock_cap":"","_tribe_rsvp_for_event":"","_tribe_ticket_going_count":"","_tribe_ticket_not_going_count":"","_tribe_tickets_list":"[]","_tribe_ticket_has_attendee_info_fields":false,"footnotes":"","_tec_slr_enabled":"","_tec_slr_layout":""},"class_list":["post-16","page","type-page","status-publish","hentry"],"ticketed":false,"_links":{"self":[{"href":"https:\/\/foerderverein-sophie-scholl-schule.de\/index.php?rest_route=\/wp\/v2\/pages\/16","targetHints":{"allow":["GET"]}}],"collection":[{"href":"https:\/\/foerderverein-sophie-scholl-schule.de\/index.php?rest_route=\/wp\/v2\/pages"}],"about":[{"href":"https:\/\/foerderverein-sophie-scholl-schule.de\/index.php?rest_route=\/wp\/v2\/types\/page"}],"author":[{"embeddable":true,"href":"https:\/\/foerderverein-sophie-scholl-schule.de\/index.php?rest_route=\/wp\/v2\/users\/1"}],"replies":[{"embeddable":true,"href":"https:\/\/foerderverein-sophie-scholl-schule.de\/index.php?rest_route=%2Fwp%2Fv2%2Fcomments&post=16"}],"version-history":[{"count":12,"href":"https:\/\/foerderverein-sophie-scholl-schule.de\/index.php?rest_route=\/wp\/v2\/pages\/16\/revisions"}],"predecessor-version":[{"id":1008,"href":"https:\/\/foerderverein-sophie-scholl-schule.de\/index.php?rest_route=\/wp\/v2\/pages\/16\/revisions\/1008"}],"wp:attachment":[{"href":"https:\/\/foerderverein-sophie-scholl-schule.de\/index.php?rest_route=%2Fwp%2Fv2%2Fmedia&parent=16"}],"curies":[{"name":"wp","href":"https:\/\/api.w.org\/{rel}","templated":true}]}}