{"id":12,"date":"2013-07-01T01:20:05","date_gmt":"2013-06-30T23:20:05","guid":{"rendered":"http:\/\/foerderverein-sophie-scholl-schule.de\/?page_id=12"},"modified":"2013-08-05T23:40:35","modified_gmt":"2013-08-05T21:40:35","slug":"aufgaben-und-ziele","status":"publish","type":"page","link":"https:\/\/foerderverein-sophie-scholl-schule.de\/?page_id=12","title":{"rendered":"Aufgaben und Ziele"},"content":{"rendered":"<p>Wir begleiten und unterst\u00fctzen vor allem die Arbeit des Schulteams, unterst\u00fctzen aber auch direkt Kinder und deren Eltern:<\/p>\n<h3>Finanziell<\/h3>\n<ul>\n<li>\n<div dir=\"ltr\" data-font-name=\"Helvetica\" data-canvas-width=\"61.81965930862427\">\u00dcbernahme von Materialkosten und Aufwandsentsch\u00e4digungen im Nachmittagsbereich<\/div>\n<\/li>\n<li>\n<div dir=\"ltr\" data-font-name=\"Helvetica\" data-canvas-width=\"158.22421707801817\">Unterst\u00fctzung beim Aufbau und Unterhaltung der Infothek<\/div>\n<\/li>\n<li>\n<div dir=\"ltr\" data-font-name=\"Helvetica\" data-canvas-width=\"109.88733619308472\">Kosten\u00fcbernahme einzelner Integrationshelferstunden<\/div>\n<\/li>\n<li>\n<div dir=\"ltr\" data-font-name=\"Helvetica\" data-canvas-width=\"255.39644044876098\">Anschaffung von Instrumenten, z.B.Trommeln, Schlagzeug, Gitarren<\/div>\n<\/li>\n<li>\n<div dir=\"ltr\" data-font-name=\"Helvetica\" data-canvas-width=\"335.4386053894043\">Mitfinanzierung von Sportger\u00e4ten, spezifischen Lernmitteln und Einrichtungen<\/div>\n<\/li>\n<li>Kostenbeteiligung bzw. -\u00fcbernahme bei Klassenfahrten etc. f\u00fcr Kinder und deren Eltern in finanziellen Notlagen<\/li>\n<\/ul>\n<h3>Organisatorisch:<\/h3>\n<ul>\n<li>Planung und Begleitung von ca. 40 Kursangeboten am Nachmittag<\/li>\n<li>\n<div dir=\"ltr\" data-font-name=\"Helvetica\" data-canvas-width=\"170.61454829978942\">Organisation des Tags der offenen T\u00fcr der Sophie-Scholl-Schule<\/div>\n<\/li>\n<li>Unterst\u00fctzung bei allen schulischen Veranstaltungen<\/li>\n<li>Teilplanung und Unterst\u00fctzung beim allj\u00e4hrlichen Bruchstrassenfest<\/li>\n<\/ul>\n","protected":false},"excerpt":{"rendered":"<p>Wir begleiten und unterst\u00fctzen vor allem die Arbeit des Schulteams, unterst\u00fctzen aber auch direkt Kinder und deren Eltern: Finanziell \u00dcbernahme von Materialkosten und Aufwandsentsch\u00e4digungen im Nachmittagsbereich Unterst\u00fctzung beim Aufbau und [&hellip;]<\/p>\n","protected":false},"author":1,"featured_media":0,"parent":5,"menu_order":12,"comment_status":"closed","ping_status":"closed","template":"page-templates\/full-width.php","meta":{"_price":"","_stock":"","_tribe_ticket_header":"","_tribe_default_ticket_provider":"","_tribe_ticket_capacity":"0","_ticket_start_date":"","_ticket_end_date":"","_tribe_ticket_show_description":"","_tribe_ticket_show_not_going":false,"_tribe_ticket_use_global_stock":"","_tribe_ticket_global_stock_level":"","_global_stock_mode":"","_global_stock_cap":"","_tribe_rsvp_for_event":"","_tribe_ticket_going_count":"","_tribe_ticket_not_going_count":"","_tribe_tickets_list":"[]","_tribe_ticket_has_attendee_info_fields":false,"footnotes":"","_tec_slr_enabled":"","_tec_slr_layout":""},"class_list":["post-12","page","type-page","status-publish","hentry"],"ticketed":false,"_links":{"self":[{"href":"https:\/\/foerderverein-sophie-scholl-schule.de\/index.php?rest_route=\/wp\/v2\/pages\/12","targetHints":{"allow":["GET"]}}],"collection":[{"href":"https:\/\/foerderverein-sophie-scholl-schule.de\/index.php?rest_route=\/wp\/v2\/pages"}],"about":[{"href":"https:\/\/foerderverein-sophie-scholl-schule.de\/index.php?rest_route=\/wp\/v2\/types\/page"}],"author":[{"embeddable":true,"href":"https:\/\/foerderverein-sophie-scholl-schule.de\/index.php?rest_route=\/wp\/v2\/users\/1"}],"replies":[{"embeddable":true,"href":"https:\/\/foerderverein-sophie-scholl-schule.de\/index.php?rest_route=%2Fwp%2Fv2%2Fcomments&post=12"}],"version-history":[{"count":7,"href":"https:\/\/foerderverein-sophie-scholl-schule.de\/index.php?rest_route=\/wp\/v2\/pages\/12\/revisions"}],"predecessor-version":[{"id":315,"href":"https:\/\/foerderverein-sophie-scholl-schule.de\/index.php?rest_route=\/wp\/v2\/pages\/12\/revisions\/315"}],"up":[{"embeddable":true,"href":"https:\/\/foerderverein-sophie-scholl-schule.de\/index.php?rest_route=\/wp\/v2\/pages\/5"}],"wp:attachment":[{"href":"https:\/\/foerderverein-sophie-scholl-schule.de\/index.php?rest_route=%2Fwp%2Fv2%2Fmedia&parent=12"}],"curies":[{"name":"wp","href":"https:\/\/api.w.org\/{rel}","templated":true}]}}